{"id":2,"date":"2021-04-22T14:31:30","date_gmt":"2021-04-22T14:31:30","guid":{"rendered":"https:\/\/nte.cat\/?page_id=2"},"modified":"2021-04-23T03:52:31","modified_gmt":"2021-04-23T03:52:31","slug":"inicio","status":"publish","type":"page","link":"https:\/\/nte.cat\/","title":{"rendered":"Inicio"},"content":{"rendered":"<p>[et_pb_section fb_built=\u00bb1&#8243; admin_label=\u00bbsection\u00bb module_id=\u00bbinicio\u00bb _builder_version=\u00bb4.9.4&#8243; background_color=\u00bbrgba(0,0,0,0.41)\u00bb background_image=\u00bbhttps:\/\/nte.cat\/wp-content\/uploads\/2021\/04\/aventura-nte.jpg\u00bb background_blend=\u00bboverlay\u00bb][et_pb_row admin_label=\u00bbrow\u00bb _builder_version=\u00bb3.25&#8243; background_size=\u00bbinitial\u00bb background_position=\u00bbtop_left\u00bb background_repeat=\u00bbrepeat\u00bb][et_pb_column type=\u00bb4_4&#8243; _builder_version=\u00bb3.25&#8243; custom_padding=\u00bb|||\u00bb custom_padding__hover=\u00bb|||\u00bb][et_pb_text _builder_version=\u00bb4.9.4&#8243; _module_preset=\u00bbdefault\u00bb text_font_size=\u00bb36px\u00bb header_font=\u00bb|700|||||||\u00bb header_font_size=\u00bb52px\u00bb background_color=\u00bbRGBA(0,0,0,0)\u00bb text_orientation=\u00bbcenter\u00bb background_layout=\u00bbdark\u00bb header_text_shadow_style=\u00bbpreset1&#8243;]<\/p>\n<h1>Un nuevo concepto de agencia de viajes, tu agencia en casa.<\/h1>\n<p>[\/et_pb_text][\/et_pb_column][\/et_pb_row][et_pb_row column_structure=\u00bb1_2,1_2&#8243; _builder_version=\u00bb4.9.4&#8243; _module_preset=\u00bbdefault\u00bb][et_pb_column type=\u00bb1_2&#8243; _builder_version=\u00bb4.9.4&#8243; _module_preset=\u00bbdefault\u00bb][et_pb_text _builder_version=\u00bb4.9.4&#8243; _module_preset=\u00bbdefault\u00bb text_font=\u00bb|600|||||||\u00bb text_text_color=\u00bb#FFFFFF\u00bb text_font_size=\u00bb28px\u00bb text_line_height=\u00bb40px\u00bb header_text_color=\u00bb#FFFFFF\u00bb text_orientation=\u00bbcenter\u00bb background_layout=\u00bbdark\u00bb text_text_shadow_style=\u00bbpreset1&#8243;]<\/p>\n<div dir=\"auto\">Nos desplazamos a tu casa o tu empresa para mejorar el servicio.<\/div>\n<p>[\/et_pb_text][\/et_pb_column][et_pb_column type=\u00bb1_2&#8243; _builder_version=\u00bb4.9.4&#8243; _module_preset=\u00bbdefault\u00bb][et_pb_text _builder_version=\u00bb4.9.4&#8243; _module_preset=\u00bbdefault\u00bb text_font=\u00bb|600|||||||\u00bb text_text_color=\u00bb#FFFFFF\u00bb text_font_size=\u00bb28px\u00bb text_line_height=\u00bb40px\u00bb text_orientation=\u00bbcenter\u00bb text_text_shadow_style=\u00bbpreset1&#8243;]<\/p>\n<div dir=\"auto\">Nos adaptamos al futuro, videollamadas y sin sede f\u00edsica.<\/div>\n<p>[\/et_pb_text][\/et_pb_column][\/et_pb_row][et_pb_row _builder_version=\u00bb4.9.4&#8243; _module_preset=\u00bbdefault\u00bb][et_pb_column type=\u00bb4_4&#8243; _builder_version=\u00bb4.9.4&#8243; _module_preset=\u00bbdefault\u00bb][et_pb_text _builder_version=\u00bb4.9.4&#8243; _module_preset=\u00bbdefault\u00bb text_font=\u00bb|600|||||||\u00bb text_text_color=\u00bb#FFFFFF\u00bb text_font_size=\u00bb28px\u00bb text_line_height=\u00bb40px\u00bb header_text_color=\u00bb#FFFFFF\u00bb text_orientation=\u00bbcenter\u00bb background_layout=\u00bbdark\u00bb text_text_shadow_style=\u00bbpreset1&#8243;]<\/p>\n<div dir=\"auto\">Ofreciendo m\u00e1s comodidad y mejores precios.<\/div>\n<div dir=\"auto\">\u00bfNos vemos?<\/div>\n<p>[\/et_pb_text][\/et_pb_column][\/et_pb_row][\/et_pb_section][et_pb_section fb_built=\u00bb1&#8243; module_id=\u00bbservicios\u00bb _builder_version=\u00bb4.9.4&#8243; _module_preset=\u00bbdefault\u00bb background_color=\u00bb#FFFFFF\u00bb][et_pb_row column_structure=\u00bb1_3,1_3,1_3&#8243; _builder_version=\u00bb4.9.4&#8243; _module_preset=\u00bbdefault\u00bb][et_pb_column type=\u00bb1_3&#8243; _builder_version=\u00bb4.9.4&#8243; _module_preset=\u00bbdefault\u00bb][et_pb_image src=\u00bbhttps:\/\/nte.cat\/wp-content\/uploads\/2021\/04\/icon-grupo.jpg\u00bb title_text=\u00bbicon-grupo\u00bb align=\u00bbcenter\u00bb _builder_version=\u00bb4.9.4&#8243; _module_preset=\u00bbdefault\u00bb hover_enabled=\u00bb0&#8243; sticky_enabled=\u00bb0&#8243;][\/et_pb_image][et_pb_text _builder_version=\u00bb4.9.4&#8243; _module_preset=\u00bbdefault\u00bb header_text_align=\u00bbcenter\u00bb header_2_font=\u00bb|600||on|||||\u00bb header_2_text_align=\u00bbcenter\u00bb text_orientation=\u00bbjustified\u00bb]<\/p>\n<h2>Grupos<\/h2>\n<p>Disponemos de una gran experiencia en la organizaci\u00f3n de viajes para grupos. Estudiamos y dise\u00f1amos propuestas de viajes personalizadas a las necesidades de cada colectivo para crear experiencias \u00fanicas en cada destino.<\/p>\n<p>[\/et_pb_text][\/et_pb_column][et_pb_column type=\u00bb1_3&#8243; _builder_version=\u00bb4.9.4&#8243; _module_preset=\u00bbdefault\u00bb][et_pb_image src=\u00bbhttps:\/\/nte.cat\/wp-content\/uploads\/2021\/04\/icon-incentivos.jpg\u00bb title_text=\u00bbicon-incentivos\u00bb align=\u00bbcenter\u00bb _builder_version=\u00bb4.9.4&#8243; _module_preset=\u00bbdefault\u00bb hover_enabled=\u00bb0&#8243; sticky_enabled=\u00bb0&#8243;][\/et_pb_image][et_pb_text _builder_version=\u00bb4.9.4&#8243; _module_preset=\u00bbdefault\u00bb header_text_align=\u00bbcenter\u00bb header_2_font=\u00bb|600||on|||||\u00bb header_2_text_align=\u00bbcenter\u00bb text_orientation=\u00bbjustified\u00bb]<\/p>\n<h2>Incentivos<\/h2>\n<p>El viaje de incentivo es un premio o regalo que las empresas ofrecen a sus empleados, proveedores o clientes despu\u00e9s de cumplir con unos objetivos marcados previamente. Desde la propuesta o prospecci\u00f3n hasta el acompa\u00f1amiento o la valoraci\u00f3n final, nuestro equipo se encarga de que todo est\u00e9 en todo momento bajo control.[\/et_pb_text][\/et_pb_column][et_pb_column type=\u00bb1_3&#8243; _builder_version=\u00bb4.9.4&#8243; _module_preset=\u00bbdefault\u00bb][et_pb_image src=\u00bbhttps:\/\/nte.cat\/wp-content\/uploads\/2021\/04\/icon-eventos.jpg\u00bb title_text=\u00bbicon-eventos\u00bb align=\u00bbcenter\u00bb _builder_version=\u00bb4.9.4&#8243; _module_preset=\u00bbdefault\u00bb hover_enabled=\u00bb0&#8243; sticky_enabled=\u00bb0&#8243;][\/et_pb_image][et_pb_text _builder_version=\u00bb4.9.4&#8243; _module_preset=\u00bbdefault\u00bb header_text_align=\u00bbcenter\u00bb header_2_font=\u00bb|600||on|||||\u00bb header_2_text_align=\u00bbcenter\u00bb text_orientation=\u00bbjustified\u00bb]<\/p>\n<h2>Eventos<\/h2>\n<p>Planificamos y gestionamos de forma integral la organizaci\u00f3n de eventos acorde a las necesidades de cada cliente. Organizaci\u00f3n de eventos (ferias, congresos, eventos deportivos, presentaciones de productos o servicios\u2026), team building, etc. Trabajamos estrechamente con la empresa contratante para sumar sinergias en la misma direcci\u00f3n..<\/p>\n<p>[\/et_pb_text][\/et_pb_column][\/et_pb_row][\/et_pb_section][et_pb_section fb_built=\u00bb1&#8243; _builder_version=\u00bb4.9.4&#8243; _module_preset=\u00bbdefault\u00bb background_color=\u00bb#222b34&#8243;][et_pb_row _builder_version=\u00bb4.9.4&#8243; _module_preset=\u00bbdefault\u00bb][et_pb_column type=\u00bb4_4&#8243; _builder_version=\u00bb4.9.4&#8243; _module_preset=\u00bbdefault\u00bb][et_pb_text _builder_version=\u00bb4.9.4&#8243; _module_preset=\u00bbdefault\u00bb header_2_font=\u00bb|600|||||||\u00bb header_2_text_align=\u00bbcenter\u00bb header_2_text_color=\u00bb#FFFFFF\u00bb header_2_font_size=\u00bb35px\u00bb header_2_line_height=\u00bb45px\u00bb]<\/p>\n<h2>\u00daLTIMOS PROYECTOS REALIZADOS<\/h2>\n<p>[\/et_pb_text][\/et_pb_column][\/et_pb_row][et_pb_row column_structure=\u00bb1_3,1_3,1_3&#8243; _builder_version=\u00bb4.9.4&#8243; _module_preset=\u00bbdefault\u00bb][et_pb_column type=\u00bb1_3&#8243; _builder_version=\u00bb4.9.4&#8243; _module_preset=\u00bbdefault\u00bb][et_pb_image src=\u00bbhttps:\/\/nte.cat\/wp-content\/uploads\/2021\/04\/bali-nte.jpg\u00bb title_text=\u00bbbali-nte\u00bb align=\u00bbcenter\u00bb force_fullwidth=\u00bbon\u00bb _builder_version=\u00bb4.9.4&#8243; _module_preset=\u00bbdefault\u00bb custom_margin=\u00bb||10px||false|false\u00bb][\/et_pb_image][et_pb_text module_id=\u00bbproyectos\u00bb _builder_version=\u00bb4.9.4&#8243; _module_preset=\u00bbdefault\u00bb text_text_color=\u00bb#aaaaaa\u00bb header_3_font=\u00bb|700|||||||\u00bb header_3_font_size=\u00bb28px\u00bb header_3_line_height=\u00bb28px\u00bb background_layout=\u00bbdark\u00bb]<\/p>\n<h3>Bali<\/h3>\n<p>42 personas<\/p>\n<p>[\/et_pb_text][\/et_pb_column][et_pb_column type=\u00bb1_3&#8243; _builder_version=\u00bb4.9.4&#8243; _module_preset=\u00bbdefault\u00bb][et_pb_image src=\u00bbhttps:\/\/nte.cat\/wp-content\/uploads\/2021\/04\/costa-rica-nte.jpg\u00bb title_text=\u00bbcosta-rica-nte\u00bb align=\u00bbcenter\u00bb force_fullwidth=\u00bbon\u00bb _builder_version=\u00bb4.9.4&#8243; _module_preset=\u00bbdefault\u00bb custom_margin=\u00bb||10px||false|false\u00bb][\/et_pb_image][et_pb_text module_id=\u00bbproyectos\u00bb _builder_version=\u00bb4.9.4&#8243; _module_preset=\u00bbdefault\u00bb text_text_color=\u00bb#aaaaaa\u00bb header_3_font=\u00bb|700|||||||\u00bb header_3_font_size=\u00bb28px\u00bb header_3_line_height=\u00bb28px\u00bb background_layout=\u00bbdark\u00bb]<\/p>\n<h3>Costa Rica<\/h3>\n<p>50 personas<\/p>\n<p>[\/et_pb_text][\/et_pb_column][et_pb_column type=\u00bb1_3&#8243; _builder_version=\u00bb4.9.4&#8243; _module_preset=\u00bbdefault\u00bb][et_pb_image src=\u00bbhttps:\/\/nte.cat\/wp-content\/uploads\/2021\/04\/india-nte.jpg\u00bb title_text=\u00bbindia-nte\u00bb align=\u00bbcenter\u00bb force_fullwidth=\u00bbon\u00bb _builder_version=\u00bb4.9.4&#8243; _module_preset=\u00bbdefault\u00bb custom_margin=\u00bb||10px||false|false\u00bb][\/et_pb_image][et_pb_text module_id=\u00bbproyectos\u00bb _builder_version=\u00bb4.9.4&#8243; _module_preset=\u00bbdefault\u00bb text_text_color=\u00bb#aaaaaa\u00bb header_3_font=\u00bb|700|||||||\u00bb header_3_font_size=\u00bb28px\u00bb header_3_line_height=\u00bb28px\u00bb background_layout=\u00bbdark\u00bb]<\/p>\n<h3>India<\/h3>\n<p>30 personas<\/p>\n<p>[\/et_pb_text][\/et_pb_column][\/et_pb_row][et_pb_row column_structure=\u00bb1_3,1_3,1_3&#8243; _builder_version=\u00bb4.9.4&#8243; _module_preset=\u00bbdefault\u00bb][et_pb_column type=\u00bb1_3&#8243; _builder_version=\u00bb4.9.4&#8243; _module_preset=\u00bbdefault\u00bb][et_pb_image src=\u00bbhttps:\/\/nte.cat\/wp-content\/uploads\/2021\/04\/dubai-nte.jpg\u00bb title_text=\u00bbdubai-nte\u00bb align=\u00bbcenter\u00bb force_fullwidth=\u00bbon\u00bb _builder_version=\u00bb4.9.4&#8243; _module_preset=\u00bbdefault\u00bb custom_margin=\u00bb||10px||false|false\u00bb][\/et_pb_image][et_pb_text module_id=\u00bbproyectos\u00bb _builder_version=\u00bb4.9.4&#8243; _module_preset=\u00bbdefault\u00bb text_text_color=\u00bb#aaaaaa\u00bb header_3_font=\u00bb|700|||||||\u00bb header_3_font_size=\u00bb28px\u00bb header_3_line_height=\u00bb28px\u00bb background_layout=\u00bbdark\u00bb]<\/p>\n<h3>Dubai y Mauricio<\/h3>\n<p>70 personas<\/p>\n<p>[\/et_pb_text][\/et_pb_column][et_pb_column type=\u00bb1_3&#8243; _builder_version=\u00bb4.9.4&#8243; _module_preset=\u00bbdefault\u00bb][et_pb_image src=\u00bbhttps:\/\/nte.cat\/wp-content\/uploads\/2021\/04\/china-nte.jpg\u00bb title_text=\u00bbchina-nte\u00bb align=\u00bbcenter\u00bb force_fullwidth=\u00bbon\u00bb _builder_version=\u00bb4.9.4&#8243; _module_preset=\u00bbdefault\u00bb custom_margin=\u00bb||10px||false|false\u00bb][\/et_pb_image][et_pb_text module_id=\u00bbproyectos\u00bb _builder_version=\u00bb4.9.4&#8243; _module_preset=\u00bbdefault\u00bb text_text_color=\u00bb#aaaaaa\u00bb header_3_font=\u00bb|700|||||||\u00bb header_3_font_size=\u00bb28px\u00bb header_3_line_height=\u00bb28px\u00bb background_layout=\u00bbdark\u00bb]<\/p>\n<h3>China<\/h3>\n<p>75 personas<\/p>\n<p>[\/et_pb_text][\/et_pb_column][et_pb_column type=\u00bb1_3&#8243; _builder_version=\u00bb4.9.4&#8243; _module_preset=\u00bbdefault\u00bb][et_pb_image src=\u00bbhttps:\/\/nte.cat\/wp-content\/uploads\/2021\/04\/new-york-nte.jpg\u00bb title_text=\u00bbnew-york-nte\u00bb align=\u00bbcenter\u00bb force_fullwidth=\u00bbon\u00bb _builder_version=\u00bb4.9.4&#8243; _module_preset=\u00bbdefault\u00bb custom_margin=\u00bb||10px||false|false\u00bb][\/et_pb_image][et_pb_text module_id=\u00bbproyectos\u00bb _builder_version=\u00bb4.9.4&#8243; _module_preset=\u00bbdefault\u00bb text_text_color=\u00bb#aaaaaa\u00bb header_3_font=\u00bb|700|||||||\u00bb header_3_font_size=\u00bb28px\u00bb header_3_line_height=\u00bb28px\u00bb background_layout=\u00bbdark\u00bb]<\/p>\n<h3>Nueva York<\/h3>\n<p>80 personas<\/p>\n<p>[\/et_pb_text][\/et_pb_column][\/et_pb_row][et_pb_row column_structure=\u00bb1_3,1_3,1_3&#8243; _builder_version=\u00bb4.9.4&#8243; _module_preset=\u00bbdefault\u00bb][et_pb_column type=\u00bb1_3&#8243; _builder_version=\u00bb4.9.4&#8243; _module_preset=\u00bbdefault\u00bb][et_pb_image src=\u00bbhttps:\/\/nte.cat\/wp-content\/uploads\/2021\/04\/vietnam-nte.jpg\u00bb title_text=\u00bbvietnam-nte\u00bb align=\u00bbcenter\u00bb force_fullwidth=\u00bbon\u00bb _builder_version=\u00bb4.9.4&#8243; _module_preset=\u00bbdefault\u00bb custom_margin=\u00bb||10px||false|false\u00bb][\/et_pb_image][et_pb_text module_id=\u00bbproyectos\u00bb _builder_version=\u00bb4.9.4&#8243; _module_preset=\u00bbdefault\u00bb text_text_color=\u00bb#aaaaaa\u00bb header_3_font=\u00bb|700|||||||\u00bb header_3_font_size=\u00bb28px\u00bb header_3_line_height=\u00bb28px\u00bb background_layout=\u00bbdark\u00bb]<\/p>\n<h3>Vietnam<\/h3>\n<p>84 personas<\/p>\n<p>[\/et_pb_text][\/et_pb_column][et_pb_column type=\u00bb1_3&#8243; _builder_version=\u00bb4.9.4&#8243; _module_preset=\u00bbdefault\u00bb][et_pb_image src=\u00bbhttps:\/\/nte.cat\/wp-content\/uploads\/2021\/04\/colombia-nte.jpg\u00bb title_text=\u00bbcolombia-nte\u00bb align=\u00bbcenter\u00bb force_fullwidth=\u00bbon\u00bb _builder_version=\u00bb4.9.4&#8243; _module_preset=\u00bbdefault\u00bb custom_margin=\u00bb||10px||false|false\u00bb][\/et_pb_image][et_pb_text module_id=\u00bbproyectos\u00bb _builder_version=\u00bb4.9.4&#8243; _module_preset=\u00bbdefault\u00bb text_text_color=\u00bb#aaaaaa\u00bb header_3_font=\u00bb|700|||||||\u00bb header_3_font_size=\u00bb28px\u00bb header_3_line_height=\u00bb28px\u00bb background_layout=\u00bbdark\u00bb]<\/p>\n<h3>Colombia<\/h3>\n<p>55 personas<\/p>\n<p>[\/et_pb_text][\/et_pb_column][et_pb_column type=\u00bb1_3&#8243; _builder_version=\u00bb4.9.4&#8243; _module_preset=\u00bbdefault\u00bb][et_pb_image src=\u00bbhttps:\/\/nte.cat\/wp-content\/uploads\/2021\/04\/peru-nte.jpg\u00bb title_text=\u00bbperu-nte\u00bb align=\u00bbcenter\u00bb force_fullwidth=\u00bbon\u00bb _builder_version=\u00bb4.9.4&#8243; _module_preset=\u00bbdefault\u00bb custom_margin=\u00bb||10px||false|false\u00bb][\/et_pb_image][et_pb_text module_id=\u00bbproyectos\u00bb _builder_version=\u00bb4.9.4&#8243; _module_preset=\u00bbdefault\u00bb text_text_color=\u00bb#aaaaaa\u00bb header_3_font=\u00bb|700|||||||\u00bb header_3_font_size=\u00bb28px\u00bb header_3_line_height=\u00bb28px\u00bb background_layout=\u00bbdark\u00bb]<\/p>\n<h3>Per\u00fa<\/h3>\n<p>62 personas<\/p>\n<p>[\/et_pb_text][\/et_pb_column][\/et_pb_row][et_pb_row column_structure=\u00bb1_3,1_3,1_3&#8243; _builder_version=\u00bb4.9.4&#8243; _module_preset=\u00bbdefault\u00bb][et_pb_column type=\u00bb1_3&#8243; _builder_version=\u00bb4.9.4&#8243; _module_preset=\u00bbdefault\u00bb][et_pb_image src=\u00bbhttps:\/\/nte.cat\/wp-content\/uploads\/2021\/04\/panama-nte.jpg\u00bb title_text=\u00bbpanama-nte\u00bb align=\u00bbcenter\u00bb force_fullwidth=\u00bbon\u00bb _builder_version=\u00bb4.9.4&#8243; _module_preset=\u00bbdefault\u00bb custom_margin=\u00bb||10px||false|false\u00bb][\/et_pb_image][et_pb_text module_id=\u00bbproyectos\u00bb _builder_version=\u00bb4.9.4&#8243; _module_preset=\u00bbdefault\u00bb text_text_color=\u00bb#aaaaaa\u00bb header_3_font=\u00bb|700|||||||\u00bb header_3_font_size=\u00bb28px\u00bb header_3_line_height=\u00bb28px\u00bb background_layout=\u00bbdark\u00bb]<\/p>\n<h3>Panam\u00e1<\/h3>\n<p>124 personas<\/p>\n<p>[\/et_pb_text][\/et_pb_column][et_pb_column type=\u00bb1_3&#8243; _builder_version=\u00bb4.9.4&#8243; _module_preset=\u00bbdefault\u00bb][et_pb_image src=\u00bbhttps:\/\/nte.cat\/wp-content\/uploads\/2021\/04\/sudafrica-nte.jpg\u00bb title_text=\u00bbsudafrica-nte\u00bb align=\u00bbcenter\u00bb force_fullwidth=\u00bbon\u00bb _builder_version=\u00bb4.9.4&#8243; _module_preset=\u00bbdefault\u00bb custom_margin=\u00bb||10px||false|false\u00bb][\/et_pb_image][et_pb_text module_id=\u00bbproyectos\u00bb _builder_version=\u00bb4.9.4&#8243; _module_preset=\u00bbdefault\u00bb text_text_color=\u00bb#aaaaaa\u00bb header_3_font=\u00bb|700|||||||\u00bb header_3_font_size=\u00bb28px\u00bb header_3_line_height=\u00bb28px\u00bb background_layout=\u00bbdark\u00bb]<\/p>\n<h3>Sud\u00e1frica<\/h3>\n<p>92 personas<\/p>\n<p>[\/et_pb_text][\/et_pb_column][et_pb_column type=\u00bb1_3&#8243; _builder_version=\u00bb4.9.4&#8243; _module_preset=\u00bbdefault\u00bb][et_pb_image src=\u00bbhttps:\/\/nte.cat\/wp-content\/uploads\/2021\/04\/crucero-caribe-nte.jpg\u00bb title_text=\u00bbcrucero-caribe-nte\u00bb align=\u00bbcenter\u00bb force_fullwidth=\u00bbon\u00bb _builder_version=\u00bb4.9.4&#8243; _module_preset=\u00bbdefault\u00bb custom_margin=\u00bb||10px||false|false\u00bb][\/et_pb_image][et_pb_text module_id=\u00bbproyectos\u00bb _builder_version=\u00bb4.9.4&#8243; _module_preset=\u00bbdefault\u00bb text_text_color=\u00bb#aaaaaa\u00bb header_3_font=\u00bb|700|||||||\u00bb header_3_font_size=\u00bb28px\u00bb header_3_line_height=\u00bb28px\u00bb background_layout=\u00bbdark\u00bb]<\/p>\n<h3>Crucero Caribe<\/h3>\n<p>80 personas<\/p>\n<p>[\/et_pb_text][\/et_pb_column][\/et_pb_row][\/et_pb_section][et_pb_section fb_built=\u00bb1&#8243; _builder_version=\u00bb4.9.4&#8243; _module_preset=\u00bbdefault\u00bb hover_enabled=\u00bb0&#8243; module_id=\u00bbContactar\u00bb sticky_enabled=\u00bb0&#8243;][et_pb_row _builder_version=\u00bb4.9.4&#8243; _module_preset=\u00bbdefault\u00bb][et_pb_column type=\u00bb4_4&#8243; _builder_version=\u00bb4.9.4&#8243; _module_preset=\u00bbdefault\u00bb][et_pb_text _builder_version=\u00bb4.9.4&#8243; _module_preset=\u00bbdefault\u00bb header_2_font=\u00bb|600|||||||\u00bb header_2_text_align=\u00bbcenter\u00bb header_2_text_color=\u00bb#000000&#8243; header_2_font_size=\u00bb35px\u00bb header_2_line_height=\u00bb45px\u00bb]<\/p>\n<h2>CONTACTAR<\/h2>\n<p>[\/et_pb_text][dvppl_cf7_styler button_alignment=\u00bbright\u00bb cf7=\u00bb47&#8243; _builder_version=\u00bb4.9.4&#8243; _module_preset=\u00bbdefault\u00bb hover_enabled=\u00bb0&#8243; custom_submit_button=\u00bbon\u00bb submit_button_bg_color=\u00bb#373f8a\u00bb submit_button_bg_enable_color=\u00bbon\u00bb submit_button_border_color=\u00bb#373f8a\u00bb sticky_enabled=\u00bb0&#8243;][\/dvppl_cf7_styler][\/et_pb_column][\/et_pb_row][\/et_pb_section]<\/p>\n","protected":false},"excerpt":{"rendered":"<p>Un nuevo concepto de agencia de viajes, tu agencia en casa.Nos desplazamos a tu casa o tu empresa para mejorar el servicio.Nos adaptamos al futuro, videollamadas y sin sede f\u00edsica.Ofreciendo m\u00e1s comodidad y mejores precios. \u00bfNos vemos?Grupos Disponemos de una gran experiencia en la organizaci\u00f3n de viajes para grupos. Estudiamos y dise\u00f1amos propuestas de viajes [&hellip;]<\/p>\n","protected":false},"author":1,"featured_media":0,"parent":0,"menu_order":1,"comment_status":"closed","ping_status":"closed","template":"","meta":{"_et_pb_use_builder":"on","_et_pb_old_content":"<!-- wp:paragraph -->\n<p>Esta es una p\u00e1gina de ejemplo. Es diferente a una entrada del blog porque permanecer\u00e1 en un solo lugar y aparecer\u00e1 en la navegaci\u00f3n de tu sitio (en la mayor\u00eda de los temas). La mayor\u00eda de las personas comienzan con una p\u00e1gina \u00abAcerca de\u00bb que les presenta a los visitantes potenciales del sitio. Podr\u00edas decir algo as\u00ed:<\/p>\n<!-- \/wp:paragraph -->\n\n<!-- wp:quote -->\n<blockquote class=\"wp-block-quote\"><p>\u00a1Bienvenido! Soy camarero de d\u00eda, aspirante a actor de noche y esta es mi web. Vivo en Mairena del Alcor, tengo un perro que se llama Firulais y me gusta el rebujito. (Y las tardes largas con caf\u00e9).<\/p><\/blockquote>\n<!-- \/wp:quote -->\n\n<!-- wp:paragraph -->\n<p>\u2026o algo as\u00ed:<\/p>\n<!-- \/wp:paragraph -->\n\n<!-- wp:quote -->\n<blockquote class=\"wp-block-quote\"><p>La empresa \u00abMariscos Recio\u00bb fue fundada por Antonio Recio Mata. Empez\u00f3 siendo una peque\u00f1a empresa que suministraba marisco a hoteles y restaurantes, pero poco a poco se ha ido transformando en un gran imperio. Mariscos Recio, el mar al mejor precio.<\/p><\/blockquote>\n<!-- \/wp:quote -->\n\n<!-- wp:paragraph -->\n<p>Como nuevo usuario de WordPress, deber\u00edas ir a <a href=\"https:\/\/nte.cat\/wp-admin\/\">tu escritorio<\/a> para borrar esta p\u00e1gina y crear nuevas p\u00e1ginas para tu contenido. \u00a1P\u00e1salo bien!<\/p>\n<!-- \/wp:paragraph -->","_et_gb_content_width":"","footnotes":""},"class_list":["post-2","page","type-page","status-publish","hentry"],"yoast_head":"<!-- This site is optimized with the Yoast SEO plugin v27.3 - https:\/\/yoast.com\/product\/yoast-seo-wordpress\/ -->\n<title>Inicio - NTE<\/title>\n<meta name=\"robots\" content=\"index, follow, max-snippet:-1, max-image-preview:large, max-video-preview:-1\" \/>\n<link rel=\"canonical\" href=\"https:\/\/nte.cat\/\" \/>\n<meta property=\"og:locale\" content=\"es_ES\" \/>\n<meta property=\"og:type\" content=\"article\" \/>\n<meta property=\"og:title\" content=\"Inicio - NTE\" \/>\n<meta property=\"og:description\" content=\"Un nuevo concepto de agencia de viajes, tu agencia en casa.Nos desplazamos a tu casa o tu empresa para mejorar el servicio.Nos adaptamos al futuro, videollamadas y sin sede f\u00edsica.Ofreciendo m\u00e1s comodidad y mejores precios. \u00bfNos vemos?Grupos Disponemos de una gran experiencia en la organizaci\u00f3n de viajes para grupos. Estudiamos y dise\u00f1amos propuestas de viajes [&hellip;]\" \/>\n<meta property=\"og:url\" content=\"https:\/\/nte.cat\/\" \/>\n<meta property=\"og:site_name\" content=\"NTE\" \/>\n<meta property=\"article:modified_time\" content=\"2021-04-23T03:52:31+00:00\" \/>\n<meta name=\"twitter:card\" content=\"summary_large_image\" \/>\n<meta name=\"twitter:label1\" content=\"Tiempo de lectura\" \/>\n\t<meta name=\"twitter:data1\" content=\"9 minutos\" \/>\n<script type=\"application\/ld+json\" class=\"yoast-schema-graph\">{\"@context\":\"https:\\\/\\\/schema.org\",\"@graph\":[{\"@type\":\"WebPage\",\"@id\":\"https:\\\/\\\/nte.cat\\\/\",\"url\":\"https:\\\/\\\/nte.cat\\\/\",\"name\":\"Inicio - NTE\",\"isPartOf\":{\"@id\":\"https:\\\/\\\/nte.cat\\\/#website\"},\"datePublished\":\"2021-04-22T14:31:30+00:00\",\"dateModified\":\"2021-04-23T03:52:31+00:00\",\"breadcrumb\":{\"@id\":\"https:\\\/\\\/nte.cat\\\/#breadcrumb\"},\"inLanguage\":\"es\",\"potentialAction\":[{\"@type\":\"ReadAction\",\"target\":[\"https:\\\/\\\/nte.cat\\\/\"]}]},{\"@type\":\"BreadcrumbList\",\"@id\":\"https:\\\/\\\/nte.cat\\\/#breadcrumb\",\"itemListElement\":[{\"@type\":\"ListItem\",\"position\":1,\"name\":\"Portada\",\"item\":\"https:\\\/\\\/nte.cat\\\/\"},{\"@type\":\"ListItem\",\"position\":2,\"name\":\"Inicio\"}]},{\"@type\":\"WebSite\",\"@id\":\"https:\\\/\\\/nte.cat\\\/#website\",\"url\":\"https:\\\/\\\/nte.cat\\\/\",\"name\":\"NTE\",\"description\":\"Tu agencia de viajes en casa\",\"potentialAction\":[{\"@type\":\"SearchAction\",\"target\":{\"@type\":\"EntryPoint\",\"urlTemplate\":\"https:\\\/\\\/nte.cat\\\/?s={search_term_string}\"},\"query-input\":{\"@type\":\"PropertyValueSpecification\",\"valueRequired\":true,\"valueName\":\"search_term_string\"}}],\"inLanguage\":\"es\"}]}<\/script>\n<!-- \/ Yoast SEO plugin. -->","yoast_head_json":{"title":"Inicio - NTE","robots":{"index":"index","follow":"follow","max-snippet":"max-snippet:-1","max-image-preview":"max-image-preview:large","max-video-preview":"max-video-preview:-1"},"canonical":"https:\/\/nte.cat\/","og_locale":"es_ES","og_type":"article","og_title":"Inicio - NTE","og_description":"Un nuevo concepto de agencia de viajes, tu agencia en casa.Nos desplazamos a tu casa o tu empresa para mejorar el servicio.Nos adaptamos al futuro, videollamadas y sin sede f\u00edsica.Ofreciendo m\u00e1s comodidad y mejores precios. \u00bfNos vemos?Grupos Disponemos de una gran experiencia en la organizaci\u00f3n de viajes para grupos. Estudiamos y dise\u00f1amos propuestas de viajes [&hellip;]","og_url":"https:\/\/nte.cat\/","og_site_name":"NTE","article_modified_time":"2021-04-23T03:52:31+00:00","twitter_card":"summary_large_image","twitter_misc":{"Tiempo de lectura":"9 minutos"},"schema":{"@context":"https:\/\/schema.org","@graph":[{"@type":"WebPage","@id":"https:\/\/nte.cat\/","url":"https:\/\/nte.cat\/","name":"Inicio - NTE","isPartOf":{"@id":"https:\/\/nte.cat\/#website"},"datePublished":"2021-04-22T14:31:30+00:00","dateModified":"2021-04-23T03:52:31+00:00","breadcrumb":{"@id":"https:\/\/nte.cat\/#breadcrumb"},"inLanguage":"es","potentialAction":[{"@type":"ReadAction","target":["https:\/\/nte.cat\/"]}]},{"@type":"BreadcrumbList","@id":"https:\/\/nte.cat\/#breadcrumb","itemListElement":[{"@type":"ListItem","position":1,"name":"Portada","item":"https:\/\/nte.cat\/"},{"@type":"ListItem","position":2,"name":"Inicio"}]},{"@type":"WebSite","@id":"https:\/\/nte.cat\/#website","url":"https:\/\/nte.cat\/","name":"NTE","description":"Tu agencia de viajes en casa","potentialAction":[{"@type":"SearchAction","target":{"@type":"EntryPoint","urlTemplate":"https:\/\/nte.cat\/?s={search_term_string}"},"query-input":{"@type":"PropertyValueSpecification","valueRequired":true,"valueName":"search_term_string"}}],"inLanguage":"es"}]}},"_links":{"self":[{"href":"https:\/\/nte.cat\/index.php?rest_route=\/wp\/v2\/pages\/2","targetHints":{"allow":["GET"]}}],"collection":[{"href":"https:\/\/nte.cat\/index.php?rest_route=\/wp\/v2\/pages"}],"about":[{"href":"https:\/\/nte.cat\/index.php?rest_route=\/wp\/v2\/types\/page"}],"author":[{"embeddable":true,"href":"https:\/\/nte.cat\/index.php?rest_route=\/wp\/v2\/users\/1"}],"replies":[{"embeddable":true,"href":"https:\/\/nte.cat\/index.php?rest_route=%2Fwp%2Fv2%2Fcomments&post=2"}],"version-history":[{"count":13,"href":"https:\/\/nte.cat\/index.php?rest_route=\/wp\/v2\/pages\/2\/revisions"}],"predecessor-version":[{"id":59,"href":"https:\/\/nte.cat\/index.php?rest_route=\/wp\/v2\/pages\/2\/revisions\/59"}],"wp:attachment":[{"href":"https:\/\/nte.cat\/index.php?rest_route=%2Fwp%2Fv2%2Fmedia&parent=2"}],"curies":[{"name":"wp","href":"https:\/\/api.w.org\/{rel}","templated":true}]}}